{"id":279,"date":"2015-12-03T08:11:32","date_gmt":"2015-12-03T07:11:32","guid":{"rendered":"https:\/\/claudiacostanza.de\/cc\/?page_id=279"},"modified":"2021-03-08T13:28:03","modified_gmt":"2021-03-08T12:28:03","slug":"art","status":"publish","type":"page","link":"https:\/\/claudiacostanza.de\/cc\/art\/","title":{"rendered":"Layout"},"content":{"rendered":"<p style=\"text-align: left;\"><span style=\"color: #808080;\">Layout ist Formung, die im kreativen Schaffensprozess Ihre Inhalte zu einer \u00e4sthetisch ansprechenden, harmonischen Komposition f\u00fcgt.<\/span><\/p>\n<p><!--more hier klicken--><\/p>\n<p style=\"text-align: left;\"><span style=\"color: #808080;\">Meine langj\u00e4hrige praktische Erfahrung im Verlagsgesch\u00e4ft gew\u00e4hrleistet Ihnen eine schnelle, zielgerichtete Umsetzung bei hoher Professionalit\u00e4t und Kreativit\u00e4t.<\/span><\/p>\n<h5 style=\"text-align: left;\"><span style=\"color: #808080;\">Dienste:<\/span><\/h5>\n<p style=\"text-align: left;\"><span style=\"color: #808080;\"><span style=\"color: #ff6600;\">Designkonzepte<\/span> &gt;&gt; Gutes Design steht am Ende eines Prozesses, in dem durch die einzigartige Kombination verschiedener Elemente neue Wege zum Ziel er\u00f6ffnet werden.<br \/>\n<\/span><\/p>\n<p style=\"text-align: left;\"><span style=\"color: #808080;\"><span style=\"color: #ff6600;\">Art Direktion<\/span> &gt;&gt; Komplexe Projekte brauchen eine einheitliche Form und einen Fokus.<\/span><\/p>\n<p style=\"text-align: left;\"><span style=\"color: #808080;\"><span style=\"color: #ff6600;\">Coverdesign<\/span> &gt;&gt; Neugier wecken, Inhalte vermitteln, Emotionen sch\u00fcren \u2013 meine Anforderungen an ein professionelles Cover.<\/span><\/p>\n<p style=\"text-align: left;\"><span style=\"color: #808080;\"><span style=\"color: #ff6600;\">Layout<\/span> &gt;&gt; Das detaillierte Sichtbarmachen eines gedanklichen Bildes auf einer Seite \u2013 \u00e4sthetisch, sinnvoll, leserfreundlich. <\/span><\/p>\n<p style=\"text-align: left;\"><span style=\"color: #808080;\"><span style=\"color: #ff6600;\">Reinzeichnung<\/span> &gt;&gt; Vom Entwurf zur professionellen Druckvorlage.<\/span><\/p>\n<p><span style=\"color: #808080;\"><span style=\"color: #ff6600;\">Barrierefreiheit<\/span> &gt;&gt; Erstellung barrierefreier PDF Dokumente.<\/span><\/p>\n","protected":false},"excerpt":{"rendered":"<p>Layout ist Formung, die im kreativen Schaffensprozess Ihre Inhalte zu einer \u00e4sthetisch ansprechenden, harmonischen Komposition f\u00fcgt.<\/p>\n","protected":false},"author":1,"featured_media":0,"parent":0,"menu_order":0,"comment_status":"closed","ping_status":"closed","template":"page-full-width.php","meta":{"footnotes":""},"yoast_head":"<!-- This site is optimized with the Yoast SEO plugin v22.1 - https:\/\/yoast.com\/wordpress\/plugins\/seo\/ -->\n<title>Layout - claudia costanza<\/title>\n<meta name=\"robots\" content=\"index, follow, max-snippet:-1, max-image-preview:large, max-video-preview:-1\" \/>\n<link rel=\"canonical\" href=\"https:\/\/claudiacostanza.de\/cc\/art\/\" \/>\n<meta property=\"og:locale\" content=\"de_DE\" \/>\n<meta property=\"og:type\" content=\"article\" \/>\n<meta property=\"og:title\" content=\"Layout - claudia costanza\" \/>\n<meta property=\"og:description\" content=\"Layout ist Formung, die im kreativen Schaffensprozess Ihre Inhalte zu einer \u00e4sthetisch ansprechenden, harmonischen Komposition f\u00fcgt.\" \/>\n<meta property=\"og:url\" content=\"https:\/\/claudiacostanza.de\/cc\/art\/\" \/>\n<meta property=\"og:site_name\" content=\"claudia costanza\" \/>\n<meta property=\"article:modified_time\" content=\"2021-03-08T12:28:03+00:00\" \/>\n<meta name=\"twitter:card\" content=\"summary_large_image\" \/>\n<meta name=\"twitter:label1\" content=\"Gesch\u00e4tzte Lesezeit\" \/>\n\t<meta name=\"twitter:data1\" content=\"1\u00a0Minute\" \/>\n<script type=\"application\/ld+json\" class=\"yoast-schema-graph\">{\"@context\":\"https:\/\/schema.org\",\"@graph\":[{\"@type\":\"WebPage\",\"@id\":\"https:\/\/claudiacostanza.de\/cc\/art\/\",\"url\":\"https:\/\/claudiacostanza.de\/cc\/art\/\",\"name\":\"Layout - claudia costanza\",\"isPartOf\":{\"@id\":\"https:\/\/claudiacostanza.de\/cc\/#website\"},\"datePublished\":\"2015-12-03T07:11:32+00:00\",\"dateModified\":\"2021-03-08T12:28:03+00:00\",\"breadcrumb\":{\"@id\":\"https:\/\/claudiacostanza.de\/cc\/art\/#breadcrumb\"},\"inLanguage\":\"de\",\"potentialAction\":[{\"@type\":\"ReadAction\",\"target\":[\"https:\/\/claudiacostanza.de\/cc\/art\/\"]}]},{\"@type\":\"BreadcrumbList\",\"@id\":\"https:\/\/claudiacostanza.de\/cc\/art\/#breadcrumb\",\"itemListElement\":[{\"@type\":\"ListItem\",\"position\":1,\"name\":\"Startseite\",\"item\":\"https:\/\/claudiacostanza.de\/cc\/\"},{\"@type\":\"ListItem\",\"position\":2,\"name\":\"Layout\"}]},{\"@type\":\"WebSite\",\"@id\":\"https:\/\/claudiacostanza.de\/cc\/#website\",\"url\":\"https:\/\/claudiacostanza.de\/cc\/\",\"name\":\"claudia costanza\",\"description\":\"Layout\u30fbGrafik\u30fbArt\",\"potentialAction\":[{\"@type\":\"SearchAction\",\"target\":{\"@type\":\"EntryPoint\",\"urlTemplate\":\"https:\/\/claudiacostanza.de\/cc\/?s={search_term_string}\"},\"query-input\":\"required name=search_term_string\"}],\"inLanguage\":\"de\"}]}<\/script>\n<!-- \/ Yoast SEO plugin. -->","yoast_head_json":{"title":"Layout - claudia costanza","robots":{"index":"index","follow":"follow","max-snippet":"max-snippet:-1","max-image-preview":"max-image-preview:large","max-video-preview":"max-video-preview:-1"},"canonical":"https:\/\/claudiacostanza.de\/cc\/art\/","og_locale":"de_DE","og_type":"article","og_title":"Layout - claudia costanza","og_description":"Layout ist Formung, die im kreativen Schaffensprozess Ihre Inhalte zu einer \u00e4sthetisch ansprechenden, harmonischen Komposition f\u00fcgt.","og_url":"https:\/\/claudiacostanza.de\/cc\/art\/","og_site_name":"claudia costanza","article_modified_time":"2021-03-08T12:28:03+00:00","twitter_card":"summary_large_image","twitter_misc":{"Gesch\u00e4tzte Lesezeit":"1\u00a0Minute"},"schema":{"@context":"https:\/\/schema.org","@graph":[{"@type":"WebPage","@id":"https:\/\/claudiacostanza.de\/cc\/art\/","url":"https:\/\/claudiacostanza.de\/cc\/art\/","name":"Layout - claudia costanza","isPartOf":{"@id":"https:\/\/claudiacostanza.de\/cc\/#website"},"datePublished":"2015-12-03T07:11:32+00:00","dateModified":"2021-03-08T12:28:03+00:00","breadcrumb":{"@id":"https:\/\/claudiacostanza.de\/cc\/art\/#breadcrumb"},"inLanguage":"de","potentialAction":[{"@type":"ReadAction","target":["https:\/\/claudiacostanza.de\/cc\/art\/"]}]},{"@type":"BreadcrumbList","@id":"https:\/\/claudiacostanza.de\/cc\/art\/#breadcrumb","itemListElement":[{"@type":"ListItem","position":1,"name":"Startseite","item":"https:\/\/claudiacostanza.de\/cc\/"},{"@type":"ListItem","position":2,"name":"Layout"}]},{"@type":"WebSite","@id":"https:\/\/claudiacostanza.de\/cc\/#website","url":"https:\/\/claudiacostanza.de\/cc\/","name":"claudia costanza","description":"Layout\u30fbGrafik\u30fbArt","potentialAction":[{"@type":"SearchAction","target":{"@type":"EntryPoint","urlTemplate":"https:\/\/claudiacostanza.de\/cc\/?s={search_term_string}"},"query-input":"required name=search_term_string"}],"inLanguage":"de"}]}},"_links":{"self":[{"href":"https:\/\/claudiacostanza.de\/cc\/wp-json\/wp\/v2\/pages\/279"}],"collection":[{"href":"https:\/\/claudiacostanza.de\/cc\/wp-json\/wp\/v2\/pages"}],"about":[{"href":"https:\/\/claudiacostanza.de\/cc\/wp-json\/wp\/v2\/types\/page"}],"author":[{"embeddable":true,"href":"https:\/\/claudiacostanza.de\/cc\/wp-json\/wp\/v2\/users\/1"}],"replies":[{"embeddable":true,"href":"https:\/\/claudiacostanza.de\/cc\/wp-json\/wp\/v2\/comments?post=279"}],"version-history":[{"count":40,"href":"https:\/\/claudiacostanza.de\/cc\/wp-json\/wp\/v2\/pages\/279\/revisions"}],"predecessor-version":[{"id":601,"href":"https:\/\/claudiacostanza.de\/cc\/wp-json\/wp\/v2\/pages\/279\/revisions\/601"}],"wp:attachment":[{"href":"https:\/\/claudiacostanza.de\/cc\/wp-json\/wp\/v2\/media?parent=279"}],"curies":[{"name":"wp","href":"https:\/\/api.w.org\/{rel}","templated":true}]}}